{"id":111,"date":"2021-10-15T09:19:19","date_gmt":"2021-10-15T06:19:19","guid":{"rendered":"http:\/\/bridge173.qodeinteractive.com\/?page_id=105"},"modified":"2022-01-06T14:08:22","modified_gmt":"2022-01-06T11:08:22","slug":"arii-de-practica","status":"publish","type":"page","link":"https:\/\/sanducapralaw.ro\/en\/arii-de-practica\/","title":{"rendered":"Arii de practica"},"content":{"rendered":"<div      class=\"vc_row wpb_row section vc_row-fluid  grid_section\" style=' padding-top:60px; padding-bottom:152px; text-align:left;'><div class=\"section_inner clearfix\"><div class='section_inner_margin clearfix'><div class=\"wpb_column vc_column_container vc_col-sm-12\"><div class=\"vc_column-inner\"><div class=\"wpb_wrapper\"><div class='projects_holder_outer v3 portfolio_with_space portfolio_standard'>\n        <div class='projects_holder portfolio_main_holder clearfix v3 standard portfolio_full_image'>\n        \n        <article class='mix portfolio_category_11 default' style=''>\n    \n    \n    \n    \n            <div class=\"item_holder slow_zoom\">\n\n                <div class=\"text_holder\">\n    <div class=\"text_holder_outer\">\n        <div class=\"text_holder_inner\">\n            \n        <\/div>\n    <\/div>\n<\/div>\n    <div class=\"icons_holder\">\n        \n        \n            <\/div>\n\n                                    <a itemprop=\"url\" class=\"portfolio_link_class\" title=\"CONTRACTS AND CIVIL LIABILITY\" href=\"https:\/\/sanducapralaw.ro\/en\/portfolio_page\/contracte-raspundere-civila\/\"><\/a>\n                \n                <div style=\"\" class=\"portfolio_shader\"><\/div>\n                <div class=\"image_holder\">\n                    \n<span class='image'><img loading=\"lazy\" decoding=\"async\" width=\"900\" height=\"586\" src=\"https:\/\/sanducapralaw.ro\/wp-content\/uploads\/2021\/12\/Contracts-and-civil-liability.jpg\" class=\"attachment-full size-full wp-post-image\" alt=\"\" srcset=\"https:\/\/sanducapralaw.ro\/wp-content\/uploads\/2021\/12\/Contracts-and-civil-liability.jpg 900w, https:\/\/sanducapralaw.ro\/wp-content\/uploads\/2021\/12\/Contracts-and-civil-liability-300x195.jpg 300w, https:\/\/sanducapralaw.ro\/wp-content\/uploads\/2021\/12\/Contracts-and-civil-liability-768x500.jpg 768w, https:\/\/sanducapralaw.ro\/wp-content\/uploads\/2021\/12\/Contracts-and-civil-liability-18x12.jpg 18w, https:\/\/sanducapralaw.ro\/wp-content\/uploads\/2021\/12\/Contracts-and-civil-liability-400x260.jpg 400w, https:\/\/sanducapralaw.ro\/wp-content\/uploads\/2021\/12\/Contracts-and-civil-liability-700x456.jpg 700w\" sizes=\"auto, (max-width: 900px) 100vw, 900px\" \/><\/span>                <\/div>\n            <\/div>\n\n                <div class='portfolio_description text_align_center' >\n\n        \n    <h5 itemprop=\"name\" class=\"portfolio_title entry_title\"><a itemprop=\"url\" href=\"https:\/\/sanducapralaw.ro\/en\/portfolio_page\/contracte-raspundere-civila\/\" style=\"font-size: 18px\" target=\"_self\"> CONTRACTS AND CIVIL LIABILITY<\/a><\/h5>\n\n\n        \n        \n    <\/div>\n\n        \n<\/article>\n<article class='mix portfolio_category_11 default' style=''>\n    \n    \n    \n    \n            <div class=\"item_holder slow_zoom\">\n\n                <div class=\"text_holder\">\n    <div class=\"text_holder_outer\">\n        <div class=\"text_holder_inner\">\n            \n        <\/div>\n    <\/div>\n<\/div>\n    <div class=\"icons_holder\">\n        \n        \n            <\/div>\n\n                                    <a itemprop=\"url\" class=\"portfolio_link_class\" title=\"INTELLECTUAL PROPERTY\" href=\"https:\/\/sanducapralaw.ro\/en\/portfolio_page\/proprietate-intelectuala\/\"><\/a>\n                \n                <div style=\"\" class=\"portfolio_shader\"><\/div>\n                <div class=\"image_holder\">\n                    \n<span class='image'><img loading=\"lazy\" decoding=\"async\" width=\"900\" height=\"586\" src=\"https:\/\/sanducapralaw.ro\/wp-content\/uploads\/2021\/12\/Intellectual-property.jpg\" class=\"attachment-full size-full wp-post-image\" alt=\"\" srcset=\"https:\/\/sanducapralaw.ro\/wp-content\/uploads\/2021\/12\/Intellectual-property.jpg 900w, https:\/\/sanducapralaw.ro\/wp-content\/uploads\/2021\/12\/Intellectual-property-300x195.jpg 300w, https:\/\/sanducapralaw.ro\/wp-content\/uploads\/2021\/12\/Intellectual-property-768x500.jpg 768w, https:\/\/sanducapralaw.ro\/wp-content\/uploads\/2021\/12\/Intellectual-property-18x12.jpg 18w, https:\/\/sanducapralaw.ro\/wp-content\/uploads\/2021\/12\/Intellectual-property-400x260.jpg 400w, https:\/\/sanducapralaw.ro\/wp-content\/uploads\/2021\/12\/Intellectual-property-700x456.jpg 700w\" sizes=\"auto, (max-width: 900px) 100vw, 900px\" \/><\/span>                <\/div>\n            <\/div>\n\n                <div class='portfolio_description text_align_center' >\n\n        \n    <h5 itemprop=\"name\" class=\"portfolio_title entry_title\"><a itemprop=\"url\" href=\"https:\/\/sanducapralaw.ro\/en\/portfolio_page\/proprietate-intelectuala\/\" style=\"font-size: 18px\" target=\"_self\"> INTELLECTUAL PROPERTY<\/a><\/h5>\n\n\n        \n        \n    <\/div>\n\n        \n<\/article>\n<article class='mix portfolio_category_11 default' style=''>\n    \n    \n    \n    \n            <div class=\"item_holder slow_zoom\">\n\n                <div class=\"text_holder\">\n    <div class=\"text_holder_outer\">\n        <div class=\"text_holder_inner\">\n            \n        <\/div>\n    <\/div>\n<\/div>\n    <div class=\"icons_holder\">\n        \n        \n            <\/div>\n\n                                    <a itemprop=\"url\" class=\"portfolio_link_class\" title=\"LITIGATION AND ARBITRATION\" href=\"https:\/\/sanducapralaw.ro\/en\/portfolio_page\/litigii-arbitraj\/\"><\/a>\n                \n                <div style=\"\" class=\"portfolio_shader\"><\/div>\n                <div class=\"image_holder\">\n                    \n<span class='image'><img loading=\"lazy\" decoding=\"async\" width=\"900\" height=\"586\" src=\"https:\/\/sanducapralaw.ro\/wp-content\/uploads\/2021\/12\/Litigation-and-arbitration.jpg\" class=\"attachment-full size-full wp-post-image\" alt=\"\" srcset=\"https:\/\/sanducapralaw.ro\/wp-content\/uploads\/2021\/12\/Litigation-and-arbitration.jpg 900w, https:\/\/sanducapralaw.ro\/wp-content\/uploads\/2021\/12\/Litigation-and-arbitration-300x195.jpg 300w, https:\/\/sanducapralaw.ro\/wp-content\/uploads\/2021\/12\/Litigation-and-arbitration-768x500.jpg 768w, https:\/\/sanducapralaw.ro\/wp-content\/uploads\/2021\/12\/Litigation-and-arbitration-18x12.jpg 18w, https:\/\/sanducapralaw.ro\/wp-content\/uploads\/2021\/12\/Litigation-and-arbitration-400x260.jpg 400w, https:\/\/sanducapralaw.ro\/wp-content\/uploads\/2021\/12\/Litigation-and-arbitration-700x456.jpg 700w\" sizes=\"auto, (max-width: 900px) 100vw, 900px\" \/><\/span>                <\/div>\n            <\/div>\n\n                <div class='portfolio_description text_align_center' >\n\n        \n    <h5 itemprop=\"name\" class=\"portfolio_title entry_title\"><a itemprop=\"url\" href=\"https:\/\/sanducapralaw.ro\/en\/portfolio_page\/litigii-arbitraj\/\" style=\"font-size: 18px\" target=\"_self\"> LITIGATION AND ARBITRATION<\/a><\/h5>\n\n\n        \n        \n    <\/div>\n\n        \n<\/article>\n<article class='mix portfolio_category_11 default' style=''>\n    \n    \n    \n    \n            <div class=\"item_holder slow_zoom\">\n\n                <div class=\"text_holder\">\n    <div class=\"text_holder_outer\">\n        <div class=\"text_holder_inner\">\n            \n        <\/div>\n    <\/div>\n<\/div>\n    <div class=\"icons_holder\">\n        \n        \n            <\/div>\n\n                                    <a itemprop=\"url\" class=\"portfolio_link_class\" title=\"PHARMA\" href=\"https:\/\/sanducapralaw.ro\/en\/portfolio_page\/facmaceutic\/\"><\/a>\n                \n                <div style=\"\" class=\"portfolio_shader\"><\/div>\n                <div class=\"image_holder\">\n                    \n<span class='image'><img loading=\"lazy\" decoding=\"async\" width=\"900\" height=\"586\" src=\"https:\/\/sanducapralaw.ro\/wp-content\/uploads\/2021\/12\/pexels-anna-shvets-3683070-1.jpg\" class=\"attachment-full size-full wp-post-image\" alt=\"\" srcset=\"https:\/\/sanducapralaw.ro\/wp-content\/uploads\/2021\/12\/pexels-anna-shvets-3683070-1.jpg 900w, https:\/\/sanducapralaw.ro\/wp-content\/uploads\/2021\/12\/pexels-anna-shvets-3683070-1-300x195.jpg 300w, https:\/\/sanducapralaw.ro\/wp-content\/uploads\/2021\/12\/pexels-anna-shvets-3683070-1-768x500.jpg 768w, https:\/\/sanducapralaw.ro\/wp-content\/uploads\/2021\/12\/pexels-anna-shvets-3683070-1-18x12.jpg 18w, https:\/\/sanducapralaw.ro\/wp-content\/uploads\/2021\/12\/pexels-anna-shvets-3683070-1-400x260.jpg 400w, https:\/\/sanducapralaw.ro\/wp-content\/uploads\/2021\/12\/pexels-anna-shvets-3683070-1-700x456.jpg 700w\" sizes=\"auto, (max-width: 900px) 100vw, 900px\" \/><\/span>                <\/div>\n            <\/div>\n\n                <div class='portfolio_description text_align_center' >\n\n        \n    <h5 itemprop=\"name\" class=\"portfolio_title entry_title\"><a itemprop=\"url\" href=\"https:\/\/sanducapralaw.ro\/en\/portfolio_page\/facmaceutic\/\" style=\"font-size: 18px\" target=\"_self\"> PHARMA<\/a><\/h5>\n\n\n        \n        \n    <\/div>\n\n        \n<\/article>\n<article class='mix portfolio_category_11 default' style=''>\n    \n    \n    \n    \n            <div class=\"item_holder slow_zoom\">\n\n                <div class=\"text_holder\">\n    <div class=\"text_holder_outer\">\n        <div class=\"text_holder_inner\">\n            \n        <\/div>\n    <\/div>\n<\/div>\n    <div class=\"icons_holder\">\n        \n        \n            <\/div>\n\n                                    <a itemprop=\"url\" class=\"portfolio_link_class\" title=\"ADMINISTRATIVE LAW\" href=\"https:\/\/sanducapralaw.ro\/en\/portfolio_page\/administrativ\/\"><\/a>\n                \n                <div style=\"\" class=\"portfolio_shader\"><\/div>\n                <div class=\"image_holder\">\n                    \n<span class='image'><img loading=\"lazy\" decoding=\"async\" width=\"900\" height=\"586\" src=\"https:\/\/sanducapralaw.ro\/wp-content\/uploads\/2021\/12\/Administrative-law.jpg\" class=\"attachment-full size-full wp-post-image\" alt=\"\" srcset=\"https:\/\/sanducapralaw.ro\/wp-content\/uploads\/2021\/12\/Administrative-law.jpg 900w, https:\/\/sanducapralaw.ro\/wp-content\/uploads\/2021\/12\/Administrative-law-300x195.jpg 300w, https:\/\/sanducapralaw.ro\/wp-content\/uploads\/2021\/12\/Administrative-law-768x500.jpg 768w, https:\/\/sanducapralaw.ro\/wp-content\/uploads\/2021\/12\/Administrative-law-18x12.jpg 18w, https:\/\/sanducapralaw.ro\/wp-content\/uploads\/2021\/12\/Administrative-law-400x260.jpg 400w, https:\/\/sanducapralaw.ro\/wp-content\/uploads\/2021\/12\/Administrative-law-700x456.jpg 700w\" sizes=\"auto, (max-width: 900px) 100vw, 900px\" \/><\/span>                <\/div>\n            <\/div>\n\n                <div class='portfolio_description text_align_center' >\n\n        \n    <h5 itemprop=\"name\" class=\"portfolio_title entry_title\"><a itemprop=\"url\" href=\"https:\/\/sanducapralaw.ro\/en\/portfolio_page\/administrativ\/\" style=\"font-size: 18px\" target=\"_self\"> ADMINISTRATIVE LAW<\/a><\/h5>\n\n\n        \n        \n    <\/div>\n\n        \n<\/article>\n<article class='mix portfolio_category_11 default' style=''>\n    \n    \n    \n    \n            <div class=\"item_holder slow_zoom\">\n\n                <div class=\"text_holder\">\n    <div class=\"text_holder_outer\">\n        <div class=\"text_holder_inner\">\n            \n        <\/div>\n    <\/div>\n<\/div>\n    <div class=\"icons_holder\">\n        \n        \n            <\/div>\n\n                                    <a itemprop=\"url\" class=\"portfolio_link_class\" title=\"ENFORCEMENT AND INSOLVENCY PROCEEDINGS\" href=\"https:\/\/sanducapralaw.ro\/en\/portfolio_page\/executare-silita-insolventa\/\"><\/a>\n                \n                <div style=\"\" class=\"portfolio_shader\"><\/div>\n                <div class=\"image_holder\">\n                    \n<span class='image'><img loading=\"lazy\" decoding=\"async\" width=\"900\" height=\"586\" src=\"https:\/\/sanducapralaw.ro\/wp-content\/uploads\/2021\/12\/Enforcement-and-insolvency-proceedings.jpg\" class=\"attachment-full size-full wp-post-image\" alt=\"\" srcset=\"https:\/\/sanducapralaw.ro\/wp-content\/uploads\/2021\/12\/Enforcement-and-insolvency-proceedings.jpg 900w, https:\/\/sanducapralaw.ro\/wp-content\/uploads\/2021\/12\/Enforcement-and-insolvency-proceedings-300x195.jpg 300w, https:\/\/sanducapralaw.ro\/wp-content\/uploads\/2021\/12\/Enforcement-and-insolvency-proceedings-768x500.jpg 768w, https:\/\/sanducapralaw.ro\/wp-content\/uploads\/2021\/12\/Enforcement-and-insolvency-proceedings-18x12.jpg 18w, https:\/\/sanducapralaw.ro\/wp-content\/uploads\/2021\/12\/Enforcement-and-insolvency-proceedings-400x260.jpg 400w, https:\/\/sanducapralaw.ro\/wp-content\/uploads\/2021\/12\/Enforcement-and-insolvency-proceedings-700x456.jpg 700w\" sizes=\"auto, (max-width: 900px) 100vw, 900px\" \/><\/span>                <\/div>\n            <\/div>\n\n                <div class='portfolio_description text_align_center' >\n\n        \n    <h5 itemprop=\"name\" class=\"portfolio_title entry_title\"><a itemprop=\"url\" href=\"https:\/\/sanducapralaw.ro\/en\/portfolio_page\/executare-silita-insolventa\/\" style=\"font-size: 18px\" target=\"_self\"> ENFORCEMENT AND INSOLVENCY PROCEEDINGS<\/a><\/h5>\n\n\n        \n        \n    <\/div>\n\n        \n<\/article>\n        <div class='filler'><\/div>\n            <div class='filler'><\/div>\n            <div class='filler'><\/div>\n        <\/div>\n\n    \n    <\/div><\/div><\/div><\/div><\/div><\/div><\/div>","protected":false},"excerpt":{"rendered":"asisten\u021b\u0103 juridic\u0103 \u0219i reprezentare \u00een faza execut\u0103rii silite \u00een raporturile cu executorul judec\u0103toresc (formularea cererii de executare silit\u0103 \u0219i a altor cereri specifice \u2013 interven\u021bia \u00een cursul execut\u0103rii silite, am\u00e2narea, restr\u00e2ngerea sau suspendarea voluntar\u0103 a execut\u0103rii silite, coresponden\u021ba cu executorul etc.); asisten\u021b\u0103 juridic\u0103 \u0219i reprezentare...","protected":false},"author":1,"featured_media":0,"parent":0,"menu_order":0,"comment_status":"closed","ping_status":"closed","template":"full_width.php","meta":{"footnotes":""},"class_list":["post-111","page","type-page","status-publish","hentry"],"_links":{"self":[{"href":"https:\/\/sanducapralaw.ro\/en\/wp-json\/wp\/v2\/pages\/111","targetHints":{"allow":["GET"]}}],"collection":[{"href":"https:\/\/sanducapralaw.ro\/en\/wp-json\/wp\/v2\/pages"}],"about":[{"href":"https:\/\/sanducapralaw.ro\/en\/wp-json\/wp\/v2\/types\/page"}],"author":[{"embeddable":true,"href":"https:\/\/sanducapralaw.ro\/en\/wp-json\/wp\/v2\/users\/1"}],"replies":[{"embeddable":true,"href":"https:\/\/sanducapralaw.ro\/en\/wp-json\/wp\/v2\/comments?post=111"}],"version-history":[{"count":18,"href":"https:\/\/sanducapralaw.ro\/en\/wp-json\/wp\/v2\/pages\/111\/revisions"}],"predecessor-version":[{"id":299,"href":"https:\/\/sanducapralaw.ro\/en\/wp-json\/wp\/v2\/pages\/111\/revisions\/299"}],"wp:attachment":[{"href":"https:\/\/sanducapralaw.ro\/en\/wp-json\/wp\/v2\/media?parent=111"}],"curies":[{"name":"wp","href":"https:\/\/api.w.org\/{rel}","templated":true}]}}