{"id":33,"date":"2018-03-02T08:12:45","date_gmt":"2018-03-02T08:12:45","guid":{"rendered":"http:\/\/bridge173.qodeinteractive.com\/?page_id=33"},"modified":"2024-02-18T12:53:50","modified_gmt":"2024-02-18T09:53:50","slug":"despre-mine","status":"publish","type":"page","link":"https:\/\/sanducapralaw.ro\/en\/despre-mine\/","title":{"rendered":"About"},"content":{"rendered":"<div      class=\"vc_row wpb_row section vc_row-fluid\" style=' text-align:center;'><div class=\"full_section_inner clearfix\"><div class=\"wpb_column vc_column_container vc_col-sm-12 vc_col-md-6\"><div class=\"vc_column-inner\"><div class=\"wpb_wrapper\"><div class='q_elements_holder one_column responsive_mode_from_768' ><div class='q_elements_item' data-600-768='5% 5% 5% 5%' data-480-600='5% 5% 5% 5%' data-480='5% 5% 5% 5%' data-animation='no' data-item-class='q_elements_holder_custom_716206'><div class='q_elements_item_inner'><div class='q_elements_item_content q_elements_holder_custom_716206' style='padding:5% 0px 0px 25%'>\n\t<div class=\"wpb_single_image wpb_content_element vc_align_left\">\n\t\t<div class=\"wpb_wrapper\">\n\t\t\t\n\t\t\t<div class=\"vc_single_image-wrapper   vc_box_border_grey\"><img loading=\"lazy\" decoding=\"async\" width=\"800\" height=\"974\" src=\"https:\/\/sanducapralaw.ro\/wp-content\/uploads\/2021\/10\/Andru2a.jpg\" class=\"vc_single_image-img attachment-full\" alt=\"\" srcset=\"https:\/\/sanducapralaw.ro\/wp-content\/uploads\/2021\/10\/Andru2a.jpg 800w, https:\/\/sanducapralaw.ro\/wp-content\/uploads\/2021\/10\/Andru2a-246x300.jpg 246w, https:\/\/sanducapralaw.ro\/wp-content\/uploads\/2021\/10\/Andru2a-768x935.jpg 768w, https:\/\/sanducapralaw.ro\/wp-content\/uploads\/2021\/10\/Andru2a-10x12.jpg 10w, https:\/\/sanducapralaw.ro\/wp-content\/uploads\/2021\/10\/Andru2a-700x852.jpg 700w\" sizes=\"auto, (max-width: 800px) 100vw, 800px\" \/><\/div>\n\t\t<\/div>\n\t<\/div>\n<\/div><\/div><\/div><\/div><\/div><\/div><\/div><div class=\"wpb_column vc_column_container vc_col-sm-12 vc_col-md-6\"><div class=\"vc_column-inner\"><div class=\"wpb_wrapper\"><div class='q_elements_holder one_column responsive_mode_from_768' ><div class='q_elements_item' data-1280-1440='30px 25% 0 0px' data-768-1024='120px 13% 0 5px' data-600-768='20px 15px 20px 15px' data-480-600='20px 15px 20px 15px' data-480='20px 15px 20px 15px' data-animation='no' data-item-class='q_elements_holder_custom_201861'><div class='q_elements_item_inner'><div class='q_elements_item_content q_elements_holder_custom_201861' style='padding:60px 25% 0px 0px'>\n\t<div class=\"wpb_text_column wpb_content_element\">\n\t\t<div class=\"wpb_wrapper\">\n\t\t\t<h3><strong>WORK EXPERIENCE<\/strong><\/h3>\n\n\t\t<\/div> \n\t<\/div> \t<div class=\"vc_empty_space\"  style=\"height: 25px\" ><span\n\t\t\tclass=\"vc_empty_space_inner\">\n\t\t\t<span class=\"empty_space_image\"  ><\/span>\n\t\t<\/span><\/div>\n\n\n\t<div class=\"wpb_text_column wpb_content_element\">\n\t\t<div class=\"wpb_wrapper\">\n\t\t\t<div style=\"text-align: justify;\">\n<ul>\n<li>January 2024 - present: Member, Romanian Film Commission;<\/li>\n<li>April 2019 \u2013 May 2021: Senior Associate, SCA \u021auca, Zb\u00e2rcea &amp; Associates - arbitration, litigation and consultancy, particularly in contractual matters and in the field of construction law;<\/li>\n<li>November 2018 \u2013 April 2019: Legal Counsel, UiPath SRL - consultancy, particularly in the field of contract law and intellectual property law;<\/li>\n<li>September 2016 \u2013 November 2018: Managing Associate, SCA R\u0103zvan Dinc\u0103 &amp; Associates - litigation, arbitration and consultancy in contractual matters, in the field of intellectual property, in that of consumer protection, enforcement and insolvency, as well as in that of administrative law;<\/li>\n<li>September 2014 \u2013 September 2016: Senior Associate, SCA R\u0103zvan Dinc\u0103 &amp; Associates - litigation, arbitration and consultancy in contractual matters, in the field of intellectual property, in that of consumer protection, enforcement, insolvency, as well as in that of administrative law;<\/li>\n<li>January 2014 \u2013 August 2014: Associate, SCA R\u0103zvan Dinc\u0103 &amp; Associates - litigation and consultancy in contractual matters, in the field of intellectual property, in that of consumer protection, as well as in that of enforcement and insolvency;<\/li>\n<li>September 2012 \u2013 January 2014: Junior Associate, SCA R\u0103zvan Dinc\u0103 &amp; Associates - litigation and consultancy in contractual matters, in the field of intellectual property, in that of consumer protection and in that of enforcement and insolvency;<\/li>\n<li>January 2012 \u2013 August 2012: Junior Associate, CG P\u0103duraru, Boncu - litigation and consultancy in contractual matters, as well as in the insolvency and administrative law fields.<\/li>\n<\/ul>\n<\/div>\n\n\t\t<\/div> \n\t<\/div> \t<div class=\"vc_empty_space\"  style=\"height: 25px\" ><span\n\t\t\tclass=\"vc_empty_space_inner\">\n\t\t\t<span class=\"empty_space_image\"  ><\/span>\n\t\t<\/span><\/div>\n\n\n\t<div class=\"wpb_text_column wpb_content_element\">\n\t\t<div class=\"wpb_wrapper\">\n\t\t\t<h3><strong>EDUCATION AND PROFESSIONAL DEVELOPMENT<\/strong><\/h3>\n\n\t\t<\/div> \n\t<\/div> \t<div class=\"vc_empty_space\"  style=\"height: 25px\" ><span\n\t\t\tclass=\"vc_empty_space_inner\">\n\t\t\t<span class=\"empty_space_image\"  ><\/span>\n\t\t<\/span><\/div>\n\n\n\t<div class=\"wpb_text_column wpb_content_element\">\n\t\t<div class=\"wpb_wrapper\">\n\t\t\t<div style=\"text-align: justify;\">\n<ul>\n<li>September 2013 - December 2013: Online course on intellectual property law: trademarks, industrial designs and geographical indications - World Intellectual Property Organisation (WIPO);<\/li>\n<li>May 2013 - July 2013: Online course on intellectual property law: patents - World Intellectual Property Organisation (WIPO);<\/li>\n<li>March 2013: Course on intellectual property law: industrial designs - State Office for Inventions and Trademarks;<\/li>\n<li>March 2013: Course on intellectual property law: trademarks and geographical indications - State Office for Inventions and Trademarks;<\/li>\n<li>July 2012: Summer school on intellectual property law - World Intellectual Property Organisation (WIPO);<\/li>\n<li>2011 \u2013 2012: Master\u2019s Degree in Private Law - Law School, University of Bucharest;<\/li>\n<li>January 2012 \u2013 June 2012: Postgraduate program for professional development: Provisions of the new Civil Code and of the new Code of Civil Procedure - Law School, University of Bucharest;<\/li>\n<li>2007 \u2013 2011: Bachelor\u2019s Degree in Law - Law School, University of Bucharest;<\/li>\n<li>2007 - 2010: Bachelor\u2019s Degree in French Law - Coll\u00e8ge Juridique Franco \u2013 Roumain d\u2019\u00c9tudes Europ\u00e9ennes, Paris I Panth\u00e9on-Sorbonne University.<\/li>\n<\/ul>\n<\/div>\n\n\t\t<\/div> \n\t<\/div> \t<div class=\"vc_empty_space\"  style=\"height: 25px\" ><span\n\t\t\tclass=\"vc_empty_space_inner\">\n\t\t\t<span class=\"empty_space_image\"  ><\/span>\n\t\t<\/span><\/div>\n\n\n\t<div class=\"wpb_text_column wpb_content_element\">\n\t\t<div class=\"wpb_wrapper\">\n\t\t\t<h3><strong>SCIENTIFIC WORKS AND CONFERENCES<\/strong><\/h3>\n\n\t\t<\/div> \n\t<\/div> \t<div class=\"vc_empty_space\"  style=\"height: 25px\" ><span\n\t\t\tclass=\"vc_empty_space_inner\">\n\t\t\t<span class=\"empty_space_image\"  ><\/span>\n\t\t<\/span><\/div>\n\n\n\t<div class=\"wpb_text_column wpb_content_element\">\n\t\t<div class=\"wpb_wrapper\">\n\t\t\t<div style=\"text-align: justify;\">\n<ul>\n<li class=\" translation-block\"><em>The limits of the examination by the State Office for Inventions and Trademarks of applications for trademark registration<\/em>, published on www.juridice.ro;<\/li>\n<li><em>Proving copyright infringement through the use of copyright traps<\/em>, published in the Romanian Business Law Review, no. 4\/2014;<\/li>\n<li><em>The impact of the legal protection of databases on the concept of \u201coriginality\u201d<\/em>, published in the Romanian Business Law Review, no. 7\/2013;<\/li>\n<li class=\" translation-block\"><em>The commencement of the insolvency procedure at the request of the debtor. The need for a Stakeholders\u2019 General Assembly in the case of limited liability companies<\/em>, published on www.juridice.ro;<\/li>\n<li><em>Analysing the precedence of a community trademark in respect of a national trademark filed for registration on the same day<\/em>, published in the Romanian Business Law Review, no. 2\/2013;<\/li>\n<li class=\" translation-block\"><em>The distinctive character of trademarks consisting of advertising slogans<\/em>, published on www.juridice.ro;<\/li>\n<li><em>The constitutional basis for the right to good administration <\/em>(co-authored), published in \"The right to good administration. Between scientific debate and legislative recognition\" - E. B\u0103lan, C. Iftene, D. Troan\u021b\u0103, G. Varia, M. V\u0103c\u0103relu, Comunicare.ro Press, Bucharest, 2010;<\/li>\n<li class=\" translation-block\">Speaker: <em>The registration of banks in the table of creditors in insolvency proceedings<\/em> (3 October 2013, conference on current legal issues in banking practice, organised by SCP R\u0103zvan Dinc\u0103 &amp; Asocia\u021bii together with SCP Rizoiu &amp; Asocia\u021bii), <em>The mandatory elements of a statement of claim under the new Code of Civil Procedure<\/em> (25 - 27 September 2013, conference on banking law, organised by one of the largest commercial banks in Romania), <em>Legislation: problems and solutions regarding the legal situation of patients suffering from congenital heart diseases<\/em> (1 - 2 June 2013, conference on the role of family physicians in the treatment of patients suffering from congenital heart diseases, organised by the Foundation for the Protection of Adults Suffering from Congenital Heart Diseases).<\/li>\n<\/ul>\n<\/div>\n\n\t\t<\/div> \n\t<\/div> \t<div class=\"vc_empty_space\"  style=\"height: 25px\" ><span\n\t\t\tclass=\"vc_empty_space_inner\">\n\t\t\t<span class=\"empty_space_image\"  ><\/span>\n\t\t<\/span><\/div>\n\n\n\t<div class=\"wpb_text_column wpb_content_element\">\n\t\t<div class=\"wpb_wrapper\">\n\t\t\t<p><a href=\"https:\/\/ro.linkedin.com\/in\/andru-sandu-capr%C4%83-04b17855\" target=\"_blank\" rel=\"noopener\">Linkedin.<\/a>\u00a0 \u00a0<a href=\"https:\/\/www.facebook.com\/profile.php?id=100077208969569\" target=\"_blank\" rel=\"noopener\">Facebook.<\/a>\u00a0 \u00a0<a href=\"https:\/\/sanducapralaw.ro\/en\/contact\/\">Contact.<\/a><\/p>\n\n\t\t<\/div> \n\t<\/div> <\/div><\/div><\/div><\/div><\/div><\/div><\/div><\/div><\/div>","protected":false},"excerpt":{"rendered":"EXPERIEN\u021a\u0102 PROFESIONAL\u0102 ianuarie 2024 \u2013 prezent: Membru, Comisia de Film \u00een Rom\u00e2nia; aprilie 2019 \u2013 mai 2021: Avocat colaborator senior, SCA \u021auca, Zb\u00e2rcea &amp; Asocia\u021bii - arbitraj, litigii \u0219i consultan\u021b\u0103, \u00een special \u00een materie contractual\u0103 \u0219i \u00een domeniul construc\u021biilor; noiembrie 2018 \u2013 aprilie 2019: Consilier...","protected":false},"author":1,"featured_media":0,"parent":0,"menu_order":0,"comment_status":"closed","ping_status":"closed","template":"full_width.php","meta":{"footnotes":""},"class_list":["post-33","page","type-page","status-publish","hentry"],"_links":{"self":[{"href":"https:\/\/sanducapralaw.ro\/en\/wp-json\/wp\/v2\/pages\/33","targetHints":{"allow":["GET"]}}],"collection":[{"href":"https:\/\/sanducapralaw.ro\/en\/wp-json\/wp\/v2\/pages"}],"about":[{"href":"https:\/\/sanducapralaw.ro\/en\/wp-json\/wp\/v2\/types\/page"}],"author":[{"embeddable":true,"href":"https:\/\/sanducapralaw.ro\/en\/wp-json\/wp\/v2\/users\/1"}],"replies":[{"embeddable":true,"href":"https:\/\/sanducapralaw.ro\/en\/wp-json\/wp\/v2\/comments?post=33"}],"version-history":[{"count":29,"href":"https:\/\/sanducapralaw.ro\/en\/wp-json\/wp\/v2\/pages\/33\/revisions"}],"predecessor-version":[{"id":351,"href":"https:\/\/sanducapralaw.ro\/en\/wp-json\/wp\/v2\/pages\/33\/revisions\/351"}],"wp:attachment":[{"href":"https:\/\/sanducapralaw.ro\/en\/wp-json\/wp\/v2\/media?parent=33"}],"curies":[{"name":"wp","href":"https:\/\/api.w.org\/{rel}","templated":true}]}}