{"id":52,"date":"2018-03-02T10:19:56","date_gmt":"2018-03-02T10:19:56","guid":{"rendered":"http:\/\/bridge173.qodeinteractive.com\/?page_id=52"},"modified":"2022-01-14T13:03:58","modified_gmt":"2022-01-14T10:03:58","slug":"contact","status":"publish","type":"page","link":"https:\/\/sanducapralaw.ro\/en\/contact\/","title":{"rendered":"Contact"},"content":{"rendered":"<div      class=\"vc_row wpb_row section vc_row-fluid  grid_section\" style=' text-align:left;'><div class=\"section_inner clearfix\"><div class='section_inner_margin clearfix'><div class=\"wpb_column vc_column_container vc_col-sm-12 vc_col-md-6\"><div class=\"vc_column-inner\"><div class=\"wpb_wrapper\"><div class='q_elements_holder one_column responsive_mode_from_768' ><div class='q_elements_item' data-1280-1440='100px 0 100px 122px' data-768-1024='140px 0 100px 122px' data-600-768='110px 0 100px 0px' data-480-600='110px 0 100px 0px' data-480='110px 0 100px 0px' data-animation='no' data-item-class='q_elements_holder_custom_714042'><div class='q_elements_item_inner'><div class='q_elements_item_content q_elements_holder_custom_714042' style='padding:291px 0 100px 122px'><div class='google_map_shortcode_holder' style='height:725px;'><div class='qode_google_map' style='height:725px;' id='map_canvas_26982' data-addresses='[\"Strada Amiral Horia M\u0103celariu 59, Bucure\u0219ti\"]' data-custom-map-style='true' data-color-overlay='#393939' data-saturation='-100' data-lightness='0' data-zoom='18' data-pin='https:\/\/sanducapralaw.ro\/wp-content\/uploads\/2021\/10\/Copie-a-Sandu-capra-law-1-e1639086855617.png' data-unique-id='26982' data-google-maps-scroll-wheel='true' data-snazzy-map-style='no' data-map-height='725'><\/div><\/div><\/div><\/div><\/div><\/div><\/div><\/div><\/div><div class=\"wpb_column vc_column_container vc_col-sm-12 vc_col-md-6\"><div class=\"vc_column-inner\"><div class=\"wpb_wrapper\"><div class='q_elements_holder one_column responsive_mode_from_768' ><div class='q_elements_item' data-1280-1440='104px 114px 100px 49px' data-768-1024='144px 114px 100px 49px' data-600-768='0px 0px 40px 0px' data-480-600='0px 0px 40px 0px' data-480='0px 0px 40px 0px' data-animation='no' data-item-class='q_elements_holder_custom_978389'><div class='q_elements_item_inner'><div class='q_elements_item_content q_elements_holder_custom_978389' style='padding:259px 114px 0px 49px'>\n\t<div class=\"wpb_text_column wpb_content_element\">\n\t\t<div class=\"wpb_wrapper\">\n\t\t\t<h3>Contact details:<\/h3>\n<p>&nbsp;<\/p>\n<p style=\"font-size: 15px;\"><span data-type=\"normal\"  class=\"qode_icon_shortcode  q_font_awsome_icon\" style=\" \"><i class=\"qode_icon_font_awesome fa fa-phone qode_icon_element\" style=\"\" ><\/i><\/span> Phone:\u00a0<a href=\"tel:+40722666898\">+40722.666.898<\/a><\/p>\n<p>&nbsp;<\/p>\n<p style=\"font-size: 15px;\"><span data-type=\"normal\"  class=\"qode_icon_shortcode  q_font_awsome_icon\" style=\" \"><i class=\"qode_icon_font_awesome fa fa-envelope qode_icon_element\" style=\"\" ><\/i><\/span> Email:\u00a0<a href=\"mailto:andru.sandu-capra@sanducapralaw.ro\">andru.sandu-capra@sanducapralaw.ro<\/a><\/p>\n<p>&nbsp;<\/p>\n<p style=\"font-size: 15px;\"><span data-type=\"normal\"  class=\"qode_icon_shortcode  q_font_awsome_icon\" style=\" \"><i class=\"qode_icon_font_awesome fa fa-map-signs qode_icon_element\" style=\"\" ><\/i><\/span> Address:\u00a0<a href=\"https:\/\/goo.gl\/maps\/eiutZTteRSURA3jKA\">59 Horia M\u0103celariu Street, District 1, Bucharest<\/a><\/p>\n\n\t\t<\/div> \n\t<\/div> <\/div><\/div><\/div><\/div><div class='q_elements_holder one_column responsive_mode_from_768' ><div class='q_elements_item' data-1280-1440='104px 114px 100px 49px' data-768-1024='144px 114px 100px 49px' data-600-768='0px 0px 40px 0px' data-480-600='0px 0px 40px 0px' data-480='0px 0px 40px 0px' data-animation='no' data-item-class='q_elements_holder_custom_871512'><div class='q_elements_item_inner'><div class='q_elements_item_content q_elements_holder_custom_871512' style='padding:65px 114px 100px 49px'>\n\t<div class=\"wpb_text_column wpb_content_element\">\n\t\t<div class=\"wpb_wrapper\">\n\t\t\t<h3>Request a\u00a0<span class=\"dia_suggestion w2\" contextmenu=\"true\">legal consultation<\/span><\/h3>\n\n\t\t<\/div> \n\t<\/div> \t<div class=\"vc_empty_space\"  style=\"height: 19px\" ><span\n\t\t\tclass=\"vc_empty_space_inner\">\n\t\t\t<span class=\"empty_space_image\"  ><\/span>\n\t\t<\/span><\/div>\n\n<div class=\"wpcf7 no-js\" id=\"wpcf7-f4-o1\" lang=\"en-US\" dir=\"ltr\">\n<div class=\"screen-reader-response\"><p role=\"status\" aria-live=\"polite\" aria-atomic=\"true\"><\/p> <ul><\/ul><\/div>\n<form action=\"\/en\/wp-json\/wp\/v2\/pages\/52#wpcf7-f4-o1\" method=\"post\" class=\"wpcf7-form init cf7_custom_style_1\" aria-label=\"Contact form\" novalidate=\"novalidate\" data-status=\"init\" data-trp-original-action=\"\/en\/wp-json\/wp\/v2\/pages\/52#wpcf7-f4-o1\">\n<div style=\"display: none;\">\n<input type=\"hidden\" name=\"_wpcf7\" value=\"4\" \/>\n<input type=\"hidden\" name=\"_wpcf7_version\" value=\"5.7.2\" \/>\n<input type=\"hidden\" name=\"_wpcf7_locale\" value=\"en_US\" \/>\n<input type=\"hidden\" name=\"_wpcf7_unit_tag\" value=\"wpcf7-f4-o1\" \/>\n<input type=\"hidden\" name=\"_wpcf7_container_post\" value=\"0\" \/>\n<input type=\"hidden\" name=\"_wpcf7_posted_data_hash\" value=\"\" \/>\n<\/div>\n<div><span class=\"wpcf7-form-control-wrap\" data-name=\"text-322\"><input size=\"40\" class=\"wpcf7-form-control wpcf7-text\" aria-invalid=\"false\" placeholder=\"Name\" value=\"\" type=\"text\" name=\"text-322\" \/><\/span><\/div>\n<div><span class=\"wpcf7-form-control-wrap\" data-name=\"text-323\"><input size=\"40\" class=\"wpcf7-form-control wpcf7-text\" aria-invalid=\"false\" placeholder=\"Email\" value=\"\" type=\"text\" name=\"text-323\" \/><\/span><\/div>\n<div><span class=\"wpcf7-form-control-wrap\" data-name=\"menu-34\"><select class=\"wpcf7-form-control wpcf7-select\" aria-invalid=\"false\" name=\"menu-34\"><option value=\"Aria dreptului\">Law area<\/option><option value=\"CONTRACTE \u0218I R\u0102SPUNDERE CIVIL\u0102\">CONTRACTS AND CIVIL LIABILITY<\/option><option value=\"PROPRIETATE INTELECTUAL\u0102\">INTELLECTUAL PROPERTY<\/option><option value=\"LITIGII \u0218I ARBITRAJ\">LITIGATION AND ARBITRATION<\/option><option value=\"EXECUTARE SILIT\u0102 \u0218I INSOLVEN\u021a\u0102\">ENFORCEMENT AND INSOLVENCY PROCEEDINGS<\/option><option value=\"PROTEC\u021aIA CONSUMATORILOR\">CONSUMER PROTECTION<\/option><option value=\"ADMINISTRATIV\">ADMINISTRATIVE LAW<\/option><\/select><\/span><\/div>\n<div><span class=\"wpcf7-form-control-wrap\" data-name=\"textarea-803\"><textarea cols=\"40\" rows=\"10\" class=\"wpcf7-form-control wpcf7-textarea\" aria-invalid=\"false\" placeholder=\"Details of the Case\" name=\"textarea-803\"><\/textarea><\/span><\/div>\n<input class=\"wpcf7-form-control has-spinner wpcf7-submit\" type=\"submit\" value=\"Send the Request\" \/><p style=\"display: none !important;\"><label>&#916;<textarea name=\"_wpcf7_ak_hp_textarea\" cols=\"45\" rows=\"8\" maxlength=\"100\"><\/textarea><\/label><input type=\"hidden\" id=\"ak_js_1\" name=\"_wpcf7_ak_js\" value=\"100\"\/><script>document.getElementById( \"ak_js_1\" ).setAttribute( \"value\", ( new Date() ).getTime() );<\/script><\/p><div class=\"wpcf7-response-output\" aria-hidden=\"true\"><\/div><input type=\"hidden\" name=\"trp-form-language\" value=\"en\"\/><\/form><\/div><\/div><\/div><\/div><\/div><\/div><\/div><\/div><\/div><\/div><\/div>","protected":false},"excerpt":{"rendered":"Date contact: &nbsp; Telefon:\u00a0+40722.666.898 &nbsp; Email:\u00a0andru.sandu-capra@sanducapralaw.ro &nbsp; Adresa:\u00a0Strada Horia Macelariu, nr. 59, Sector 1, Bucure\u0219ti Cere o\u00a0consulta\u021bie Aria dreptuluiCONTRACTE \u0218I R\u0102SPUNDERE CIVIL\u0102PROPRIETATE INTELECTUAL\u0102LITIGII \u0218I ARBITRAJEXECUTARE SILIT\u0102 \u0218I INSOLVEN\u021a\u0102PROTEC\u021aIA CONSUMATORILORADMINISTRATIV &#916;","protected":false},"author":1,"featured_media":0,"parent":0,"menu_order":0,"comment_status":"closed","ping_status":"closed","template":"full_width.php","meta":{"footnotes":""},"class_list":["post-52","page","type-page","status-publish","hentry"],"_links":{"self":[{"href":"https:\/\/sanducapralaw.ro\/en\/wp-json\/wp\/v2\/pages\/52","targetHints":{"allow":["GET"]}}],"collection":[{"href":"https:\/\/sanducapralaw.ro\/en\/wp-json\/wp\/v2\/pages"}],"about":[{"href":"https:\/\/sanducapralaw.ro\/en\/wp-json\/wp\/v2\/types\/page"}],"author":[{"embeddable":true,"href":"https:\/\/sanducapralaw.ro\/en\/wp-json\/wp\/v2\/users\/1"}],"replies":[{"embeddable":true,"href":"https:\/\/sanducapralaw.ro\/en\/wp-json\/wp\/v2\/comments?post=52"}],"version-history":[{"count":31,"href":"https:\/\/sanducapralaw.ro\/en\/wp-json\/wp\/v2\/pages\/52\/revisions"}],"predecessor-version":[{"id":326,"href":"https:\/\/sanducapralaw.ro\/en\/wp-json\/wp\/v2\/pages\/52\/revisions\/326"}],"wp:attachment":[{"href":"https:\/\/sanducapralaw.ro\/en\/wp-json\/wp\/v2\/media?parent=52"}],"curies":[{"name":"wp","href":"https:\/\/api.w.org\/{rel}","templated":true}]}}